{"id":179,"date":"2024-09-23T22:04:13","date_gmt":"2024-09-23T20:04:13","guid":{"rendered":"https:\/\/foodbridgeglobal.es\/?page_id=179"},"modified":"2025-01-13T21:27:51","modified_gmt":"2025-01-13T20:27:51","slug":"accesibilidad","status":"publish","type":"page","link":"https:\/\/foodbridgeglobal.es\/en\/accesibilidad\/","title":{"rendered":"Accessibility"},"content":{"rendered":"<div data-elementor-type=\"wp-page\" data-elementor-id=\"179\" class=\"elementor elementor-179\" data-elementor-post-type=\"page\">\n\t\t\t\t\t\t<section class=\"elementor-section elementor-top-section elementor-element elementor-element-134149b elementor-section-boxed elementor-section-height-default elementor-section-height-default\" data-id=\"134149b\" data-element_type=\"section\" data-settings=\"{&quot;background_background&quot;:&quot;classic&quot;}\">\n\t\t\t\t\t\t\t<div class=\"elementor-background-overlay\"><\/div>\n\t\t\t\t\t\t\t<div class=\"elementor-container elementor-column-gap-default\">\n\t\t\t\t\t<div class=\"elementor-column elementor-col-100 elementor-top-column elementor-element elementor-element-3307bd3\" data-id=\"3307bd3\" data-element_type=\"column\">\n\t\t\t<div class=\"elementor-widget-wrap elementor-element-populated\">\n\t\t\t\t\t\t\t<\/div>\n\t\t<\/div>\n\t\t\t\t\t<\/div>\n\t\t<\/section>\n\t\t\t\t<section class=\"elementor-section elementor-top-section elementor-element elementor-element-b887d74 elementor-section-boxed elementor-section-height-default elementor-section-height-default\" data-id=\"b887d74\" data-element_type=\"section\">\n\t\t\t\t\t\t<div class=\"elementor-container elementor-column-gap-default\">\n\t\t\t\t\t<div class=\"elementor-column elementor-col-100 elementor-top-column elementor-element elementor-element-f4705c9\" data-id=\"f4705c9\" data-element_type=\"column\">\n\t\t\t<div class=\"elementor-widget-wrap elementor-element-populated\">\n\t\t\t\t\t\t<div class=\"elementor-element elementor-element-df50f9c elementor-widget elementor-widget-text-editor\" data-id=\"df50f9c\" data-element_type=\"widget\" data-widget_type=\"text-editor.default\">\n\t\t\t\t<div class=\"elementor-widget-container\">\n\t\t\t\t\t\t\t\t\t<p>En FOODBRIDGE GLOBAL nos hemos marcado como objetivo prioritario que todas las personas, con independencia de su discapacidad, edad o de la tecnolog\u00eda utilizada, puedan navegar por nuestra p\u00e1gina web sin encontrar dificultades de acceso.<\/p><p>Con este prop\u00f3sito, el desarrollo de la web de FOODBRIDGE GLOBAL se ha basado en el cumplimiento de las Pautas de Accesibilidad al Contenido en la Web 2.0 establecidas por el W3C (Consorcio de la World Wide Web).\u00a0<\/p><p>Estas pautas tambi\u00e9n constituyen el n\u00facleo de est\u00e1ndares como ISO\/IEC 40500 o la norma UNE 139803:2012.<\/p><p>Algunas de las funcionalidades implementadas para permitirte acceder a todos los contenidos de la web de FOODBRIDGE GLOBAL con mayor facilidad son:<\/p><p>Las caracter\u00edsticas visuales de la p\u00e1gina web (tipo de letra, color de fuente y fondo, etc.) se definen mediante la hoja de estilos para que el usuario pueda ajustar el texto a sus preferencias.<\/p><p>Los tama\u00f1os de las fuentes se han definido con unidades relativas para que puedas ampliar o disminuir el tama\u00f1o de la fuente desde las opciones del navegador.<\/p><p>Si un usuario accede a www.foodbridgeglobal.es con un navegador que no soporta hoja de estilos no supondr\u00e1 una dificultad, ya que de igual manera se puede acceder a todos los contenidos con la CSS desactivada.<\/p><p>Las p\u00e1ginas tienen una estructura clara tanto para el usuario que puede ver todo el contenido como para el que lee la informaci\u00f3n empleando sistemas de apoyo como un lector de pantalla, usuarios que desactivan la hoja de estilos, etc. Bajo este objetivo, se han definido mediante el c\u00f3digo HTML los encabezados de secci\u00f3n, las listas y todos los elementos que ayudan a la comprensi\u00f3n general del sitio web.<\/p><p>El c\u00f3digo HTML y CSS empleado se ajusta a las gram\u00e1ticas formales para garantizar la correcta visualizaci\u00f3n de los contenidos en distintos navegadores.<\/p><p>El sitio web est\u00e1 dise\u00f1ado para que los usuarios puedan realizar una navegaci\u00f3n en alto contraste que permite distinguir entre un enlace y texto que no lo es. A excepci\u00f3n de todos aquellos enlaces que puedan ser deducidos por el contexto (men\u00fas, listas, etc.).<\/p><p>Incluye textos descriptivos en el atributo \u00abALT\u00bb para todas las im\u00e1genes de todas las p\u00e1ginas.<\/p><p>No obstante, si encuentras alguna dificultad en el acceso a la informaci\u00f3n contenida en la web de FOODBRIDGE GLOBAL o tienes cualquier sugerencia o consulta en relaci\u00f3n con la accesibilidad, no dudes en contactar con nosotros a trav\u00e9s del correo electr\u00f3nico\u00a0info@foodbridgeglobal.es<\/p>\t\t\t\t\t\t\t\t<\/div>\n\t\t\t\t<\/div>\n\t\t\t\t\t<\/div>\n\t\t<\/div>\n\t\t\t\t\t<\/div>\n\t\t<\/section>\n\t\t\t\t<\/div>","protected":false},"excerpt":{"rendered":"<p>En FOODBRIDGE GLOBAL nos hemos marcado como objetivo prioritario que todas las personas, con independencia de su discapacidad, edad o de la tecnolog\u00eda utilizada, puedan navegar por nuestra p\u00e1gina web sin encontrar dificultades de acceso. Con este prop\u00f3sito, el desarrollo de la web de FOODBRIDGE GLOBAL se ha basado en el cumplimiento de las Pautas [&hellip;]<\/p>","protected":false},"author":2,"featured_media":0,"parent":0,"menu_order":0,"comment_status":"closed","ping_status":"closed","template":"","meta":{"footnotes":""},"class_list":["post-179","page","type-page","status-publish","hentry"],"yoast_head":"<!-- This site is optimized with the Yoast SEO plugin v25.3 - https:\/\/yoast.com\/wordpress\/plugins\/seo\/ -->\n<title>Accesibilidad - Food Bridge Global<\/title>\n<meta name=\"robots\" content=\"index, follow, max-snippet:-1, max-image-preview:large, max-video-preview:-1\" \/>\n<link rel=\"canonical\" href=\"https:\/\/foodbridgeglobal.es\/en\/accesibilidad\/\" \/>\n<meta property=\"og:locale\" content=\"en_US\" \/>\n<meta property=\"og:type\" content=\"article\" \/>\n<meta property=\"og:title\" content=\"Accesibilidad - Food Bridge Global\" \/>\n<meta property=\"og:description\" content=\"En FOODBRIDGE GLOBAL nos hemos marcado como objetivo prioritario que todas las personas, con independencia de su discapacidad, edad o de la tecnolog\u00eda utilizada, puedan navegar por nuestra p\u00e1gina web sin encontrar dificultades de acceso. Con este prop\u00f3sito, el desarrollo de la web de FOODBRIDGE GLOBAL se ha basado en el cumplimiento de las Pautas [&hellip;]\" \/>\n<meta property=\"og:url\" content=\"https:\/\/foodbridgeglobal.es\/en\/accesibilidad\/\" \/>\n<meta property=\"og:site_name\" content=\"Food Bridge Global\" \/>\n<meta property=\"article:modified_time\" content=\"2025-01-13T20:27:51+00:00\" \/>\n<meta name=\"twitter:card\" content=\"summary_large_image\" \/>\n<meta name=\"twitter:label1\" content=\"Est. reading time\" \/>\n\t<meta name=\"twitter:data1\" content=\"2 minutes\" \/>\n<script type=\"application\/ld+json\" class=\"yoast-schema-graph\">{\"@context\":\"https:\/\/schema.org\",\"@graph\":[{\"@type\":\"WebPage\",\"@id\":\"https:\/\/foodbridgeglobal.es\/accesibilidad\/\",\"url\":\"https:\/\/foodbridgeglobal.es\/accesibilidad\/\",\"name\":\"Accesibilidad - Food Bridge Global\",\"isPartOf\":{\"@id\":\"https:\/\/foodbridgeglobal.es\/#website\"},\"datePublished\":\"2024-09-23T20:04:13+00:00\",\"dateModified\":\"2025-01-13T20:27:51+00:00\",\"breadcrumb\":{\"@id\":\"https:\/\/foodbridgeglobal.es\/accesibilidad\/#breadcrumb\"},\"inLanguage\":\"en-US\",\"potentialAction\":[{\"@type\":\"ReadAction\",\"target\":[\"https:\/\/foodbridgeglobal.es\/accesibilidad\/\"]}]},{\"@type\":\"BreadcrumbList\",\"@id\":\"https:\/\/foodbridgeglobal.es\/accesibilidad\/#breadcrumb\",\"itemListElement\":[{\"@type\":\"ListItem\",\"position\":1,\"name\":\"Portada\",\"item\":\"https:\/\/foodbridgeglobal.es\/\"},{\"@type\":\"ListItem\",\"position\":2,\"name\":\"Accesibilidad\"}]},{\"@type\":\"WebSite\",\"@id\":\"https:\/\/foodbridgeglobal.es\/#website\",\"url\":\"https:\/\/foodbridgeglobal.es\/\",\"name\":\"Food Bridge Global\",\"description\":\"FoodBridge\",\"potentialAction\":[{\"@type\":\"SearchAction\",\"target\":{\"@type\":\"EntryPoint\",\"urlTemplate\":\"https:\/\/foodbridgeglobal.es\/?s={search_term_string}\"},\"query-input\":{\"@type\":\"PropertyValueSpecification\",\"valueRequired\":true,\"valueName\":\"search_term_string\"}}],\"inLanguage\":\"en-US\"}]}<\/script>\n<!-- \/ Yoast SEO plugin. -->","yoast_head_json":{"title":"Accesibilidad - Food Bridge Global","robots":{"index":"index","follow":"follow","max-snippet":"max-snippet:-1","max-image-preview":"max-image-preview:large","max-video-preview":"max-video-preview:-1"},"canonical":"https:\/\/foodbridgeglobal.es\/en\/accesibilidad\/","og_locale":"en_US","og_type":"article","og_title":"Accesibilidad - Food Bridge Global","og_description":"En FOODBRIDGE GLOBAL nos hemos marcado como objetivo prioritario que todas las personas, con independencia de su discapacidad, edad o de la tecnolog\u00eda utilizada, puedan navegar por nuestra p\u00e1gina web sin encontrar dificultades de acceso. Con este prop\u00f3sito, el desarrollo de la web de FOODBRIDGE GLOBAL se ha basado en el cumplimiento de las Pautas [&hellip;]","og_url":"https:\/\/foodbridgeglobal.es\/en\/accesibilidad\/","og_site_name":"Food Bridge Global","article_modified_time":"2025-01-13T20:27:51+00:00","twitter_card":"summary_large_image","twitter_misc":{"Est. reading time":"2 minutes"},"schema":{"@context":"https:\/\/schema.org","@graph":[{"@type":"WebPage","@id":"https:\/\/foodbridgeglobal.es\/accesibilidad\/","url":"https:\/\/foodbridgeglobal.es\/accesibilidad\/","name":"Accesibilidad - Food Bridge Global","isPartOf":{"@id":"https:\/\/foodbridgeglobal.es\/#website"},"datePublished":"2024-09-23T20:04:13+00:00","dateModified":"2025-01-13T20:27:51+00:00","breadcrumb":{"@id":"https:\/\/foodbridgeglobal.es\/accesibilidad\/#breadcrumb"},"inLanguage":"en-US","potentialAction":[{"@type":"ReadAction","target":["https:\/\/foodbridgeglobal.es\/accesibilidad\/"]}]},{"@type":"BreadcrumbList","@id":"https:\/\/foodbridgeglobal.es\/accesibilidad\/#breadcrumb","itemListElement":[{"@type":"ListItem","position":1,"name":"Portada","item":"https:\/\/foodbridgeglobal.es\/"},{"@type":"ListItem","position":2,"name":"Accesibilidad"}]},{"@type":"WebSite","@id":"https:\/\/foodbridgeglobal.es\/#website","url":"https:\/\/foodbridgeglobal.es\/","name":"Food Bridge Global","description":"FoodBridge","potentialAction":[{"@type":"SearchAction","target":{"@type":"EntryPoint","urlTemplate":"https:\/\/foodbridgeglobal.es\/?s={search_term_string}"},"query-input":{"@type":"PropertyValueSpecification","valueRequired":true,"valueName":"search_term_string"}}],"inLanguage":"en-US"}]}},"_links":{"self":[{"href":"https:\/\/foodbridgeglobal.es\/en\/wp-json\/wp\/v2\/pages\/179","targetHints":{"allow":["GET"]}}],"collection":[{"href":"https:\/\/foodbridgeglobal.es\/en\/wp-json\/wp\/v2\/pages"}],"about":[{"href":"https:\/\/foodbridgeglobal.es\/en\/wp-json\/wp\/v2\/types\/page"}],"author":[{"embeddable":true,"href":"https:\/\/foodbridgeglobal.es\/en\/wp-json\/wp\/v2\/users\/2"}],"replies":[{"embeddable":true,"href":"https:\/\/foodbridgeglobal.es\/en\/wp-json\/wp\/v2\/comments?post=179"}],"version-history":[{"count":13,"href":"https:\/\/foodbridgeglobal.es\/en\/wp-json\/wp\/v2\/pages\/179\/revisions"}],"predecessor-version":[{"id":863,"href":"https:\/\/foodbridgeglobal.es\/en\/wp-json\/wp\/v2\/pages\/179\/revisions\/863"}],"wp:attachment":[{"href":"https:\/\/foodbridgeglobal.es\/en\/wp-json\/wp\/v2\/media?parent=179"}],"curies":[{"name":"wp","href":"https:\/\/api.w.org\/{rel}","templated":true}]}}